{"id":77,"date":"2024-02-06T13:12:41","date_gmt":"2024-02-06T13:12:41","guid":{"rendered":"https:\/\/inekin.com\/?page_id=77"},"modified":"2024-02-06T13:14:07","modified_gmt":"2024-02-06T13:14:07","slug":"declaracion-de-accesibilidad","status":"publish","type":"page","link":"https:\/\/inekin.com\/en\/declaracion-de-accesibilidad\/","title":{"rendered":"Declaraci\u00f3n de accesibilidad"},"content":{"rendered":"<p>[et_pb_section fb_built=\u00bb1&#8243; theme_builder_area=\u00bbpost_content\u00bb _builder_version=\u00bb4.24.0&#8243; _module_preset=\u00bbdefault\u00bb][et_pb_row _builder_version=\u00bb4.24.0&#8243; _module_preset=\u00bbdefault\u00bb theme_builder_area=\u00bbpost_content\u00bb][et_pb_column _builder_version=\u00bb4.24.0&#8243; _module_preset=\u00bbdefault\u00bb type=\u00bb4_4&#8243; theme_builder_area=\u00bbpost_content\u00bb][et_pb_text _builder_version=\u00bb4.24.0&#8243; _module_preset=\u00bbdefault\u00bb theme_builder_area=\u00bbpost_content\u00bb hover_enabled=\u00bb0&#8243; sticky_enabled=\u00bb0&#8243; text_font=\u00bbPrata||||||||\u00bb text_text_color=\u00bb#EDF000&#8243;]<\/p>\n<h1><span>Declaraci\u00f3n de accesibilidad<\/span><\/h1>\n<p>[\/et_pb_text][et_pb_text _builder_version=\u00bb4.24.0&#8243; _module_preset=\u00bbdefault\u00bb theme_builder_area=\u00bbpost_content\u00bb hover_enabled=\u00bb0&#8243; sticky_enabled=\u00bb0&#8243;]<\/p>\n<p><span>Inekin se ha comprometido a hacer accesible su sitio web, de conformidad con normativa WCAG 2.1 en materia de accesibilidad y que se utiliza como evidencia de la justificaci\u00f3n del criterio de accesibilidad del Programa Kit Digital. Est\u00e1 estructurado conforme a los anexos de la norma UNE-EN 301 549:2022.<\/span><br \/><span>La presente declaraci\u00f3n de accesibilidad se aplica al sitio web\u00a0<\/span><a href=\"https:\/\/aluminiosalaveses.com\/\">https:\/\/inekin.com\/<\/a><\/p>\n<p>[\/et_pb_text][\/et_pb_column][\/et_pb_row][\/et_pb_section]<\/p>","protected":false},"excerpt":{"rendered":"<p>Declaraci\u00f3n de accesibilidadInekin se ha comprometido a hacer accesible su sitio web, de conformidad con normativa WCAG 2.1 en materia de accesibilidad y que se utiliza como evidencia de la justificaci\u00f3n del criterio de accesibilidad del Programa Kit Digital. Est\u00e1 estructurado conforme a los anexos de la norma UNE-EN 301 549:2022.La presente declaraci\u00f3n de accesibilidad [&hellip;]<\/p>","protected":false},"author":2,"featured_media":0,"parent":0,"menu_order":0,"comment_status":"closed","ping_status":"closed","template":"","meta":{"_et_pb_use_builder":"on","_et_pb_old_content":"","_et_gb_content_width":"","footnotes":""},"class_list":["post-77","page","type-page","status-publish","hentry"],"aioseo_notices":[],"_links":{"self":[{"href":"https:\/\/inekin.com\/en\/wp-json\/wp\/v2\/pages\/77","targetHints":{"allow":["GET"]}}],"collection":[{"href":"https:\/\/inekin.com\/en\/wp-json\/wp\/v2\/pages"}],"about":[{"href":"https:\/\/inekin.com\/en\/wp-json\/wp\/v2\/types\/page"}],"author":[{"embeddable":true,"href":"https:\/\/inekin.com\/en\/wp-json\/wp\/v2\/users\/2"}],"replies":[{"embeddable":true,"href":"https:\/\/inekin.com\/en\/wp-json\/wp\/v2\/comments?post=77"}],"version-history":[{"count":4,"href":"https:\/\/inekin.com\/en\/wp-json\/wp\/v2\/pages\/77\/revisions"}],"predecessor-version":[{"id":81,"href":"https:\/\/inekin.com\/en\/wp-json\/wp\/v2\/pages\/77\/revisions\/81"}],"wp:attachment":[{"href":"https:\/\/inekin.com\/en\/wp-json\/wp\/v2\/media?parent=77"}],"curies":[{"name":"wp","href":"https:\/\/api.w.org\/{rel}","templated":true}]}}